{"id":5989,"date":"2026-02-24T18:37:32","date_gmt":"2026-02-24T17:37:32","guid":{"rendered":"https:\/\/bsagroupe.fr\/?page_id=5989"},"modified":"2026-02-25T09:34:47","modified_gmt":"2026-02-25T08:34:47","slug":"actualites","status":"publish","type":"page","link":"https:\/\/bsagroupe.fr\/index.php\/actualites\/","title":{"rendered":"Actualit\u00e9s"},"content":{"rendered":"\t\t<div data-elementor-type=\"wp-page\" data-elementor-id=\"5989\" class=\"elementor elementor-5989\" data-elementor-post-type=\"page\">\n\t\t\t\t<div class=\"elementor-element elementor-element-37cb649 e-flex e-con-boxed e-con e-parent\" data-id=\"37cb649\" data-element_type=\"container\">\n\t\t\t\t\t<div class=\"e-con-inner\">\n\t\t\t\t<div class=\"elementor-element elementor-element-b2b4e2c elementor-widget elementor-widget-witr_section_title\" data-id=\"b2b4e2c\" data-element_type=\"widget\" data-widget_type=\"witr_section_title.default\">\n\t\t\t\t<div class=\"elementor-widget-container\">\n\t\t\t\t\t\t\t\t\t\t<!-- title center -->\n\t\t\t\t\t<div class=\"witr_section_title\">\n\t\t\t\t\t\t<div class=\"witr_section_title_inner text-center\">\n\t\t\t\t\t\t\n\t\t\t\t\t\t\t<!--<div class=\"witr_title_lines\"><span class=\"witr_line_shaps\"><span class=\"witr_shape_dv\">Divider <i aria-hidden=\"true\" class=\"fas fa-star\"><\/i><\/span><\/span><\/div>-->\n\t\t\t\t\t\t\t<!-- icon position -->\n\t\t\t\t\t\t\t\t\n\t\t\t\t\t\t\t<!-- end icon position -->\n\t\t\t\t\t\t\t\n\t\t\t\t\t\t\n\t\t\t\t\t\t\t<!-- title top -->\n\t\t\t\t\t\t\t\t\t\t\t\t\t\t\t<h2>Articles, \u00e9v\u00e9nement & publications<\/h2>\t\t\n\t\t\t\t\t\t\t\n\n\t\t\t\t\t\t\t<!-- icon position -->\n\t\t\t\t\t\t\t\t\n\t\t\t\t\t\t\t<!-- end icon position -->\n\n\n\t\t\t\t\t\t\t\n\t\t\t\t\t\t\t<!-- title middle -->\n\t\t\t\t\t\t\t\t\t\t\t\t\t\t\t<h3>Nos actualit\u00e9s<\/h3>\t\t\n\t\t\t\t\t\t\t\t\t\t\t\t\t\t<!-- title bottom -->\n\t\t\t\t\t\t\t\n\t\t\t\t\t\t\t\n\t\t\t\t\t\t\t\n\t\t\t\t\t\t\t\t\t\t\t\t\t\t\n\t\t\t\t\t\t\t<!-- image -->\n\t\t\t\t\t\t\t\t\t\t\t\t\t\t<!-- icon -->\n\t\t\t\t\t\t\t\t\t\t\t\t\t\t\n\t\t\t\t\t\t\t<!-- bar -->\n\t\t\t\t\t\t\t\n\t\t\t\t\t\t\t\n\t\t\t\t\t\t\t\t\n\t\t\t\t\t\t\t\n\n\t\t\t\t\t\t\t\n\t\t\t\t\t\t\t<!-- content -->\n\t\t\t\t\t\t\t\t\t\t\t\t\t\t\n\t\t\t\t\t\t<\/div>\n\t\t\t\t\t\t\t<!-- inner title -->\n\t\t\t\t\t\t\t\t\t\t\t\t\t\n\t\t\t\t\t<\/div>\n\n\t\t\t\t\t\t\t\t<\/div>\n\t\t\t\t<\/div>\n\t\t\t\t<div class=\"elementor-element elementor-element-0cacf03 electiman-star-rating--align-left elementor-widget elementor-widget-witr_blog_section\" data-id=\"0cacf03\" data-element_type=\"widget\" data-widget_type=\"witr_blog_section.default\">\n\t\t\t\t<div class=\"elementor-widget-container\">\n\t\t\t\t\t                <div class=\" bgimgload\">\t\n\t\t\t\t\t<div class=\"row blog-messonary\">\n                    \n\t\t\t\t\t\n\t\t\t\t\t\n\t\t\t\t\t\t<div class=\"col-lg-4  col-md-6 col-sm-8 grid-item  witr_all_mb_30\">\n\t\t\t\t\t\t\t<div class=\"blog-part \">\n\t\t\t\t\t\t\t\t<div class=\"blog_part_inner \">\n\t\t\t\t\t\t\t\t\t<div class=\"witr_blog_imags\">\n\t\t\t\t\t\t\t\t\t\t<!-- image -->\n\t\t\t\t\t\t\t\t\t\t\t\t\t\t\t\t\t\t\t\t\t<div class=\"blog-img\">\n\t\t\t\t\t\t\t\t\t\t\t\t<a href=\"https:\/\/bsagroupe.fr\/index.php\/2026\/02\/27\/index-egalite-femme-homme-le-27-02-2026\/\"> <img fetchpriority=\"high\" decoding=\"async\" width=\"390\" height=\"350\" src=\"https:\/\/bsagroupe.fr\/wp-content\/uploads\/2026\/02\/index-egalite-image-390x350.jpg\" class=\"attachment-electiman-blog-default size-electiman-blog-default wp-post-image\" alt=\"\" \/> <\/a>\n\t\t\t\t\t\t\t\t\t\t\t<\/div>\n\t\t\t\t\t\t\t\t\t\t\t\t\t\t\t\t\t\t\t<\/div>\n\t\t\t\t\t\t\t\t\t<div class=\"wblog-content blog-content-5 all_blog_color\">\n\t\t\t\t\t\t\t\t\t\t\t<!--  post meta -->\n\t\t\t\t\t\t\t\t\t\t\t\t\t\t\t\t\t\t\t\t\t\t\t\t\t\t\t\t\t\t\t\t\t\t\t\t\t\t\t\t\t\t\t\t\t\t\t\t\t\t\t<span><a href=\"#\"><i class=\"far fa-calendar-plus\"><\/i><\/a> F\u00e9v 27 2026<\/span>\n\t\t\t\t\t\t\t\t\t\t\t\t\t\t\t\t\t\t\t\t\t\t\t\t\t\t\t\t\t\t\t\t\t\t\t\t\t\t\t\t\n\t\t\t\t\t\t\t\t\t\t\t\t\t\n\t\t\t\t\t\t\t\t\t\t\t\t<!-- title -->\n\t\t\t\t\t\t\t\t\t\t\t\t<h5>\n\t\t\t\t\t\t\t\t\t\t\t\t\t<a href=\"https:\/\/bsagroupe.fr\/index.php\/2026\/02\/27\/index-egalite-femme-homme-le-27-02-2026\/\">\n\t\t\t\t\t\t\t\t\t\t\t\t\t\tINDEX \u00c9GALITE FEMME-HOMME &#8211; LE 27\/02\/2026\t\t\t\t\t\t\t\t\t\t\t\t\t<\/a>\n\t\t\t\t\t\t\t\t\t\t\t\t<\/h5>\n\t\t\t\t\t\t\t\t\t\t\t\t<!-- content -->\t\n\t\t\t\t\t\t\t\t\t\t\t\t<p>Conform\u00e9ment au d\u00e9cret n\u00b02019-15 du 8 janvier 2019,\u00a0toutes\u00a0les entreprises de plus de 50 salari\u00e9s calculent<\/p>\t\t\t\t\t\t\t\t\t\t\t\t<!-- button -->\t\n\t\t\t\t\t\t\t\t\t\t\t\t\t\t\t\t\t\t\t\t\t\t  <a class=\"btn2 witr_bt2\" href=\"https:\/\/bsagroupe.fr\/index.php\/2026\/02\/27\/index-egalite-femme-homme-le-27-02-2026\/\">Lire plus<\/a>\n\t\t\t\t\t\t\t\t\t\t\t\t\t\t\t\t\t\t\t<\/div>\n\t\t\t\t\t\t\t\t<\/div>\n\t\t\t\t\t\t\t<\/div><!-- blog part -->\n\t\t\t\t\t\t<\/div>\t\t\t\t\t\n \t\t\t\t\n\t\t\t\t\t\n                    \n\t\t\t\t\t\n\t\t\t\t\t\n\t\t\t\t\t\t<div class=\"col-lg-4  col-md-6 col-sm-8 grid-item  witr_all_mb_30\">\n\t\t\t\t\t\t\t<div class=\"blog-part \">\n\t\t\t\t\t\t\t\t<div class=\"blog_part_inner \">\n\t\t\t\t\t\t\t\t\t<div class=\"witr_blog_imags\">\n\t\t\t\t\t\t\t\t\t\t<!-- image -->\n\t\t\t\t\t\t\t\t\t\t\t\t\t\t\t\t\t\t\t\t\t<div class=\"blog-img\">\n\t\t\t\t\t\t\t\t\t\t\t\t<a href=\"https:\/\/bsagroupe.fr\/index.php\/2025\/09\/15\/foire-de-marseille\/\"> <img decoding=\"async\" width=\"390\" height=\"350\" src=\"https:\/\/bsagroupe.fr\/wp-content\/uploads\/2020\/12\/foire-marseille-390x350.jpg\" class=\"attachment-electiman-blog-default size-electiman-blog-default wp-post-image\" alt=\"\" \/> <\/a>\n\t\t\t\t\t\t\t\t\t\t\t<\/div>\n\t\t\t\t\t\t\t\t\t\t\t\t\t\t\t\t\t\t\t<\/div>\n\t\t\t\t\t\t\t\t\t<div class=\"wblog-content blog-content-5 all_blog_color\">\n\t\t\t\t\t\t\t\t\t\t\t<!--  post meta -->\n\t\t\t\t\t\t\t\t\t\t\t\t\t\t\t\t\t\t\t\t\t\t\t\t\t\t\t\t\t\t\t\t\t\t\t\t\t\t\t\t\t\t\t\t\t\t\t\t\t\t\t<span><a href=\"#\"><i class=\"far fa-calendar-plus\"><\/i><\/a> Sep 15 2025<\/span>\n\t\t\t\t\t\t\t\t\t\t\t\t\t\t\t\t\t\t\t\t\t\t\t\t\t\t\t\t\t\t\t\t\t\t\t\t\t\t\t\t\n\t\t\t\t\t\t\t\t\t\t\t\t\t\n\t\t\t\t\t\t\t\t\t\t\t\t<!-- title -->\n\t\t\t\t\t\t\t\t\t\t\t\t<h5>\n\t\t\t\t\t\t\t\t\t\t\t\t\t<a href=\"https:\/\/bsagroupe.fr\/index.php\/2025\/09\/15\/foire-de-marseille\/\">\n\t\t\t\t\t\t\t\t\t\t\t\t\t\tFOIRE INTERNATIONALE DE MARSEILLE 2025\t\t\t\t\t\t\t\t\t\t\t\t\t<\/a>\n\t\t\t\t\t\t\t\t\t\t\t\t<\/h5>\n\t\t\t\t\t\t\t\t\t\t\t\t<!-- content -->\t\n\t\t\t\t\t\t\t\t\t\t\t\t<p>FOIRE INTERNATIONALE DE MARSEILLE \u2013 DU 25\/09\/25 AU 05\/10\/25 Nous avons le plaisir de vous<\/p>\t\t\t\t\t\t\t\t\t\t\t\t<!-- button -->\t\n\t\t\t\t\t\t\t\t\t\t\t\t\t\t\t\t\t\t\t\t\t\t  <a class=\"btn2 witr_bt2\" href=\"https:\/\/bsagroupe.fr\/index.php\/2025\/09\/15\/foire-de-marseille\/\">Lire plus<\/a>\n\t\t\t\t\t\t\t\t\t\t\t\t\t\t\t\t\t\t\t<\/div>\n\t\t\t\t\t\t\t\t<\/div>\n\t\t\t\t\t\t\t<\/div><!-- blog part -->\n\t\t\t\t\t\t<\/div>\t\t\t\t\t\n \t\t\t\t\n\t\t\t\t\t\n                    \t\t\t\t\t<\/div>\n                <\/div>\n\t\t\t\n\t\t\t\t\t\t\t<\/div>\n\t\t\t\t<\/div>\n\t\t\t\t\t<\/div>\n\t\t\t\t<\/div>\n\t\t\t\t<\/div>\n\t\t","protected":false},"excerpt":{"rendered":"<p>Articles, \u00e9v\u00e9nement &#038; publications Nos actualit\u00e9s Sep 15 2025 FOIRE INTERNATIONALE DE MARSEILLE 2025 FOIRE INTERNATIONALE DE MARSEILLE \u2013 DU 25\/09\/25 AU 05\/10\/25 Nous avons le plaisir de vous Lire plus<\/p>\n","protected":false},"author":2,"featured_media":0,"parent":0,"menu_order":0,"comment_status":"closed","ping_status":"closed","template":"","meta":{"_acf_changed":false,"_monsterinsights_skip_tracking":false,"_monsterinsights_sitenote_active":false,"_monsterinsights_sitenote_note":"","_monsterinsights_sitenote_category":0,"footnotes":""},"class_list":["post-5989","page","type-page","status-publish","hentry"],"acf":[],"aioseo_notices":[],"_links":{"self":[{"href":"https:\/\/bsagroupe.fr\/index.php\/wp-json\/wp\/v2\/pages\/5989","targetHints":{"allow":["GET"]}}],"collection":[{"href":"https:\/\/bsagroupe.fr\/index.php\/wp-json\/wp\/v2\/pages"}],"about":[{"href":"https:\/\/bsagroupe.fr\/index.php\/wp-json\/wp\/v2\/types\/page"}],"author":[{"embeddable":true,"href":"https:\/\/bsagroupe.fr\/index.php\/wp-json\/wp\/v2\/users\/2"}],"replies":[{"embeddable":true,"href":"https:\/\/bsagroupe.fr\/index.php\/wp-json\/wp\/v2\/comments?post=5989"}],"version-history":[{"count":25,"href":"https:\/\/bsagroupe.fr\/index.php\/wp-json\/wp\/v2\/pages\/5989\/revisions"}],"predecessor-version":[{"id":6064,"href":"https:\/\/bsagroupe.fr\/index.php\/wp-json\/wp\/v2\/pages\/5989\/revisions\/6064"}],"wp:attachment":[{"href":"https:\/\/bsagroupe.fr\/index.php\/wp-json\/wp\/v2\/media?parent=5989"}],"curies":[{"name":"wp","href":"https:\/\/api.w.org\/{rel}","templated":true}]}}